{"id":7,"date":"2022-04-12T07:21:44","date_gmt":"2022-04-12T05:21:44","guid":{"rendered":"http:\/\/bckp.tech\/?page_id=7"},"modified":"2023-10-09T08:46:52","modified_gmt":"2023-10-09T06:46:52","slug":"informacje","status":"publish","type":"page","link":"https:\/\/bckp.tech\/index.php\/informacje\/","title":{"rendered":"Informacje"},"content":{"rendered":"\n<p>BCKP tech &#8211; projektowanie, produkcja i dystrybucja wszelkiego rodzaju plecak\u00f3w, noszak\u00f3w i zasobnik\u00f3w do transportu specjalistycznego wyposa\u017cenia. W ofercie znajduje si\u0119 kikadziesi\u0105t modeli plecak\u00f3w\/noszak\u00f3w m.in. na drony, karabiny, radiostacje, sprz\u0119t elektorniczny, wyrzutnie i inne. <\/p>\n\n\n\n<p>W sta\u0142ej ofercie posiadamy r\u00f3wnie\u017c akcesoria rehabilitacyjne takie jak pasy do \u0107wicze\u0144, podwieszenia, ochraniacze i inne akcesoria wykorzystywane w rehabilitacji os\u00f3b niepe\u0142nosprawnych.<\/p>\n\n\n\n<p>Firma zajmuje si\u0119 r\u00f3wnie\u017c handlem akcesoriami krawieckimi takimi jak: materia\u0142y, tkaniny, ta\u015bmy, zamki, klamry, rzepy, nici i inne niezb\u0119dne przy produkcji specjalistycznego sprz\u0119tu.<\/p>\n\n\n\n<p>BCKP tech oferuje r\u00f3wnie\u017c us\u0142ugi, w zakresie specjalistycznego projektowania. Wykonujemy projekty indywidalne, na zam\u00f3wienie pod konkretne wytyczne i zalecenia zamawiaj\u0105cego. Wykonujemy plecaki i zasobniki dedykowane na konkretny ekwipunek. <\/p>\n","protected":false},"excerpt":{"rendered":"<p>BCKP tech &#8211; projektowanie, produkcja i dystrybucja wszelkiego rodzaju plecak\u00f3w, noszak\u00f3w i zasobnik\u00f3w do transportu specjalistycznego wyposa\u017cenia. W ofercie znajduje si\u0119 kikadziesi\u0105t modeli plecak\u00f3w\/noszak\u00f3w m.in. na drony, karabiny, radiostacje, sprz\u0119t elektorniczny, wyrzutnie i inne. W sta\u0142ej ofercie posiadamy r\u00f3wnie\u017c akcesoria rehabilitacyjne takie jak pasy do \u0107wicze\u0144, podwieszenia, ochraniacze i inne akcesoria wykorzystywane w rehabilitacji os\u00f3b [&hellip;]<\/p>\n","protected":false},"author":1,"featured_media":0,"parent":0,"menu_order":0,"comment_status":"closed","ping_status":"closed","template":"","meta":{"footnotes":""},"class_list":["post-7","page","type-page","status-publish","hentry","entry"],"_links":{"self":[{"href":"https:\/\/bckp.tech\/index.php\/wp-json\/wp\/v2\/pages\/7","targetHints":{"allow":["GET"]}}],"collection":[{"href":"https:\/\/bckp.tech\/index.php\/wp-json\/wp\/v2\/pages"}],"about":[{"href":"https:\/\/bckp.tech\/index.php\/wp-json\/wp\/v2\/types\/page"}],"author":[{"embeddable":true,"href":"https:\/\/bckp.tech\/index.php\/wp-json\/wp\/v2\/users\/1"}],"replies":[{"embeddable":true,"href":"https:\/\/bckp.tech\/index.php\/wp-json\/wp\/v2\/comments?post=7"}],"version-history":[{"count":4,"href":"https:\/\/bckp.tech\/index.php\/wp-json\/wp\/v2\/pages\/7\/revisions"}],"predecessor-version":[{"id":65,"href":"https:\/\/bckp.tech\/index.php\/wp-json\/wp\/v2\/pages\/7\/revisions\/65"}],"wp:attachment":[{"href":"https:\/\/bckp.tech\/index.php\/wp-json\/wp\/v2\/media?parent=7"}],"curies":[{"name":"wp","href":"https:\/\/api.w.org\/{rel}","templated":true}]}}