{"id":57,"date":"2023-10-09T08:05:42","date_gmt":"2023-10-09T06:05:42","guid":{"rendered":"http:\/\/bckp.tech\/?page_id=57"},"modified":"2023-10-09T08:28:32","modified_gmt":"2023-10-09T06:28:32","slug":"oferta","status":"publish","type":"page","link":"https:\/\/bckp.tech\/index.php\/oferta\/","title":{"rendered":"Oferta"},"content":{"rendered":"\n<p>W sta\u0142ej ofercie posiadamy:<\/p>\n\n\n\n<ul class=\"wp-block-list\">\n<li>Plecaki i torby na sprz\u0119ty specjalistyczne takie jak: drony, statki bezza\u0142ogowe, radiostacje, sprz\u0119t elektroniczny itp.<\/li>\n\n\n\n<li>Wszelkiego rodzaju noszaki i plecaki do transportu nietypowego sprz\u0119tu<\/li>\n\n\n\n<li>Akcesoria i sprz\u0119t rehabilitacyjny<\/li>\n\n\n\n<li>Plecaki militarne, surwiwalowe i turystyczne<\/li>\n\n\n\n<li>Ochraniacze, pokrowce, peleryny <\/li>\n\n\n\n<li>Akcesoria krawieckie takie jak: materia\u0142y, tkaniny, klamry, ta\u015bmy, rzepy, nici itp.<\/li>\n<\/ul>\n\n\n\n<p>W celu zapoznania si\u0119 z aktualn\u0105 szczeg\u00f3\u0142ow\u0105 ofert\u0105, prosimy o kontakt mailowy. <\/p>\n","protected":false},"excerpt":{"rendered":"<p>W sta\u0142ej ofercie posiadamy: W celu zapoznania si\u0119 z aktualn\u0105 szczeg\u00f3\u0142ow\u0105 ofert\u0105, prosimy o kontakt mailowy.<\/p>\n","protected":false},"author":1,"featured_media":0,"parent":0,"menu_order":4,"comment_status":"closed","ping_status":"closed","template":"","meta":{"footnotes":""},"class_list":["post-57","page","type-page","status-publish","hentry","entry"],"_links":{"self":[{"href":"https:\/\/bckp.tech\/index.php\/wp-json\/wp\/v2\/pages\/57","targetHints":{"allow":["GET"]}}],"collection":[{"href":"https:\/\/bckp.tech\/index.php\/wp-json\/wp\/v2\/pages"}],"about":[{"href":"https:\/\/bckp.tech\/index.php\/wp-json\/wp\/v2\/types\/page"}],"author":[{"embeddable":true,"href":"https:\/\/bckp.tech\/index.php\/wp-json\/wp\/v2\/users\/1"}],"replies":[{"embeddable":true,"href":"https:\/\/bckp.tech\/index.php\/wp-json\/wp\/v2\/comments?post=57"}],"version-history":[{"count":3,"href":"https:\/\/bckp.tech\/index.php\/wp-json\/wp\/v2\/pages\/57\/revisions"}],"predecessor-version":[{"id":63,"href":"https:\/\/bckp.tech\/index.php\/wp-json\/wp\/v2\/pages\/57\/revisions\/63"}],"wp:attachment":[{"href":"https:\/\/bckp.tech\/index.php\/wp-json\/wp\/v2\/media?parent=57"}],"curies":[{"name":"wp","href":"https:\/\/api.w.org\/{rel}","templated":true}]}}